{"id":2180,"date":"2024-01-12T07:20:30","date_gmt":"2024-01-12T07:20:30","guid":{"rendered":"https:\/\/portugalbreakaways.com\/?page_id=2180"},"modified":"2024-02-14T13:33:35","modified_gmt":"2024-02-14T13:33:35","slug":"transfers","status":"publish","type":"page","link":"https:\/\/portugalbreakaways.com\/pt-pt\/transfers\/","title":{"rendered":"Transferes"},"content":{"rendered":"\n<p>Para uma viagem suave e sem problemas desde que recolhe a sua bagagem no aeroporto de Faro ate a sua casa de f\u00e9rias, providenciamos um motorista profissional que ir\u00e1 encontr\u00e1-lo no aeroporto e lev\u00e1-lo para o seu apartamento ou casa com o m\u00ednimo de transtornos. Portugal Breakaways disp\u00f5e de carrinhas (mini bus) totalmente licenciadas e equipadas de ar condicionado dispon\u00edveis tambem para servicos particulares ou desloca\u00e7\u00f5es dentro da sua area de f\u00e9rias. Precos abaixo mencionados:<\/p>\n\n\n\n<div class=\"wp-block-getwid-section alignfull alignfull getwid-section-content-custom-width\"><div class=\"wp-block-getwid-section__wrapper getwid-padding-left-medium getwid-padding-right-medium\"><div class=\"wp-block-getwid-section__inner-wrapper\" style=\"max-width:1140px\"><div class=\"wp-block-getwid-section__background-holder\"><div class=\"wp-block-getwid-section__background\"><\/div><div class=\"wp-block-getwid-section__foreground\"><\/div><\/div><div class=\"wp-block-getwid-section__content\"><div class=\"wp-block-getwid-section__inner-content\">\n<div class=\"wp-block-columns has-2-columns are-vertically-aligned-center is-layout-flex wp-container-core-columns-is-layout-9d6595d7 wp-block-columns-is-layout-flex\">\n<div class=\"wp-block-column is-vertically-aligned-center is-layout-flow wp-block-column-is-layout-flow\"><div class=\"wp-block-image size-large\">\n<figure class=\"aligncenter size-full is-resized\"><img loading=\"lazy\" decoding=\"async\" width=\"1280\" height=\"720\" src=\"https:\/\/portugalbreakaways.com\/wp-content\/uploads\/2024\/02\/faro-transfers.jpg\" alt=\"\" class=\"wp-image-3239\" style=\"width:535px;height:auto\" srcset=\"https:\/\/portugalbreakaways.com\/wp-content\/uploads\/2024\/02\/faro-transfers.jpg 1280w, https:\/\/portugalbreakaways.com\/wp-content\/uploads\/2024\/02\/faro-transfers-300x169.jpg 300w, https:\/\/portugalbreakaways.com\/wp-content\/uploads\/2024\/02\/faro-transfers-1024x576.jpg 1024w, https:\/\/portugalbreakaways.com\/wp-content\/uploads\/2024\/02\/faro-transfers-768x432.jpg 768w, https:\/\/portugalbreakaways.com\/wp-content\/uploads\/2024\/02\/faro-transfers-1099x618.jpg 1099w\" sizes=\"auto, (max-width: 1280px) 100vw, 1280px\" \/><\/figure>\n<\/div><\/div>\n\n\n\n<div class=\"wp-block-column is-vertically-aligned-center is-layout-flow wp-block-column-is-layout-flow\">\n<div class=\"wp-block-getwid-section\"><div class=\"wp-block-getwid-section__wrapper getwid-padding-top-none getwid-padding-bottom-none getwid-padding-left-medium getwid-padding-right-none getwid-padding-mobile-left-none\"><div class=\"wp-block-getwid-section__inner-wrapper\"><div class=\"wp-block-getwid-section__background-holder\"><div class=\"wp-block-getwid-section__background\"><\/div><div class=\"wp-block-getwid-section__foreground\"><\/div><\/div><div class=\"wp-block-getwid-section__content\"><div class=\"wp-block-getwid-section__inner-content\">\n<div class=\"wp-block-getwid-advanced-heading\" style=\"margin-bottom:30px;margin-top:10px\"><h2 class=\"wp-block-getwid-advanced-heading__content\" style=\"background-color:rgba(0, 0, 0, 0);color:#ff6600\" class=\"has-inline-color\">Aeroporto de Faro Transfers Voltar para:<\/h2><\/div>\n\n\n\n<figure class=\"wp-block-table\" style=\"font-size:11px\"><table class=\"has-white-background-color has-background\"><tbody><tr><td><\/td><td><strong>1-4 Clients<\/strong><\/td><td><strong>5-8 Clients<\/strong><\/td><td>Tempo de Condu\u00e7\u00e3o<\/td><\/tr><tr><td>Vilamoura\/Quarteira<\/td><td>\u20ac65<\/td><td>\u20ac85<\/td><td>25 mins<\/td><\/tr><tr><td>Albufeira\/Acoteias\/Olhos D&#8217;Agua<\/td><td>\u20ac75<\/td><td>\u20ac95<\/td><td>35 mins<\/td><\/tr><tr><td>Vale De Parra\/Gale\/Guia<\/td><td>\u20ac80<\/td><td>\u20ac100<\/td><td>45 mins<\/td><\/tr><\/tbody><\/table><\/figure>\n\n\n\n<p><strong>As tarifas indicadas acima s\u00e3o para transferes privados. Os assentos para crian\u00e7as e beb\u00e9s s\u00e3o fornecidos gratuitamente. Caso pretenda reservar um transfere privado, favor solicitar na altura da reserva da propriedade.<\/strong><\/p>\n\n\n\n<p>Os alugueres de Minibus tamb\u00e9m est\u00e3o dispon\u00edveis no resort, caso deseje reservar para um dia de viagem, uma viagem ao parque aqu\u00e1tico ou para um jantar especial. Pode reservar o transporte para o ir buscar a uma hora espec\u00edfica, deix\u00e1-lo a si e ao seu grupo no destino pretendido, e depois recolh\u00ea-lo num hor\u00e1rio e local combinado. A principal vantagem neste caso \u00e9 n\u00e3o haver tempo de espera nos t\u00e1xis locais. Os minibus podem levar at\u00e9 oito pessoas ao passo que os t\u00e1xis locais poder\u00e3o ter apenas lota\u00e7\u00e3o para um m\u00e1ximo de 4 pessoas.<\/p>\n<\/div><\/div><\/div><\/div><\/div>\n<\/div>\n<\/div>\n<\/div><\/div><\/div><\/div><\/div>\n","protected":false},"excerpt":{"rendered":"<p>Para uma viagem suave e sem problemas desde que recolhe a sua bagagem no aeroporto de Faro ate a sua casa de f\u00e9rias, providenciamos um motorista profissional que ir\u00e1 encontr\u00e1-lo no aeroporto e lev\u00e1-lo para o seu apartamento ou casa com o m\u00ednimo de transtornos. Portugal Breakaways disp\u00f5e de carrinhas (mini bus) totalmente licenciadas e &hellip; <a href=\"https:\/\/portugalbreakaways.com\/pt-pt\/transfers\/\" class=\"more-link\">Continue reading<span class=\"screen-reader-text\"> &#8220;Transferes&#8221;<\/span><\/a><\/p>\n","protected":false},"author":1,"featured_media":3191,"parent":0,"menu_order":0,"comment_status":"closed","ping_status":"closed","template":"template-wide-screen-page.php","meta":{"_acf_changed":false,"_monsterinsights_skip_tracking":false,"_monsterinsights_sitenote_active":false,"_monsterinsights_sitenote_note":"","_monsterinsights_sitenote_category":0,"footnotes":""},"class_list":["post-2180","page","type-page","status-publish","has-post-thumbnail","hentry"],"acf":[],"aioseo_notices":[],"_links":{"self":[{"href":"https:\/\/portugalbreakaways.com\/pt-pt\/wp-json\/wp\/v2\/pages\/2180","targetHints":{"allow":["GET"]}}],"collection":[{"href":"https:\/\/portugalbreakaways.com\/pt-pt\/wp-json\/wp\/v2\/pages"}],"about":[{"href":"https:\/\/portugalbreakaways.com\/pt-pt\/wp-json\/wp\/v2\/types\/page"}],"author":[{"embeddable":true,"href":"https:\/\/portugalbreakaways.com\/pt-pt\/wp-json\/wp\/v2\/users\/1"}],"replies":[{"embeddable":true,"href":"https:\/\/portugalbreakaways.com\/pt-pt\/wp-json\/wp\/v2\/comments?post=2180"}],"version-history":[{"count":8,"href":"https:\/\/portugalbreakaways.com\/pt-pt\/wp-json\/wp\/v2\/pages\/2180\/revisions"}],"predecessor-version":[{"id":3340,"href":"https:\/\/portugalbreakaways.com\/pt-pt\/wp-json\/wp\/v2\/pages\/2180\/revisions\/3340"}],"wp:featuredmedia":[{"embeddable":true,"href":"https:\/\/portugalbreakaways.com\/pt-pt\/wp-json\/wp\/v2\/media\/3191"}],"wp:attachment":[{"href":"https:\/\/portugalbreakaways.com\/pt-pt\/wp-json\/wp\/v2\/media?parent=2180"}],"curies":[{"name":"wp","href":"https:\/\/api.w.org\/{rel}","templated":true}]}}