{"id":2184,"date":"2024-01-26T06:41:48","date_gmt":"2024-01-26T06:41:48","guid":{"rendered":"https:\/\/portugalbreakaways.com\/about-us\/"},"modified":"2024-02-14T10:29:28","modified_gmt":"2024-02-14T10:29:28","slug":"about-us","status":"publish","type":"page","link":"https:\/\/portugalbreakaways.com\/pt-pt\/about-us\/","title":{"rendered":"Quem Somos"},"content":{"rendered":"\n<h5 class=\"wp-block-heading\">Portugal Breakaways \u00e9 um completo servi\u00e7o de Gest\u00e3o de Propriedade e da Empresa de Aluguer especializada em moradias e apartamentos de aluguer no Algarve.<\/h5>\n\n\n\n<div class=\"wp-block-getwid-section alignfull alignfull getwid-section-content-full-width\"><div class=\"wp-block-getwid-section__wrapper getwid-padding-left-medium getwid-padding-right-medium\"><div class=\"wp-block-getwid-section__inner-wrapper\"><div class=\"wp-block-getwid-section__background-holder\"><div class=\"wp-block-getwid-section__background\"><\/div><div class=\"wp-block-getwid-section__foreground\"><\/div><\/div><div class=\"wp-block-getwid-section__content\"><div class=\"wp-block-getwid-section__inner-content\"><div class=\"wp-block-image\">\n<figure class=\"alignleft size-full is-resized\"><img loading=\"lazy\" decoding=\"async\" width=\"1000\" height=\"1000\" src=\"https:\/\/portugalbreakaways.com\/wp-content\/uploads\/2024\/02\/about-us-2.jpg\" alt=\"\" class=\"wp-image-3263\" style=\"width:435px;height:auto\" srcset=\"https:\/\/portugalbreakaways.com\/wp-content\/uploads\/2024\/02\/about-us-2.jpg 1000w, https:\/\/portugalbreakaways.com\/wp-content\/uploads\/2024\/02\/about-us-2-300x300.jpg 300w, https:\/\/portugalbreakaways.com\/wp-content\/uploads\/2024\/02\/about-us-2-150x150.jpg 150w, https:\/\/portugalbreakaways.com\/wp-content\/uploads\/2024\/02\/about-us-2-768x768.jpg 768w, https:\/\/portugalbreakaways.com\/wp-content\/uploads\/2024\/02\/about-us-2-618x618.jpg 618w\" sizes=\"auto, (max-width: 1000px) 100vw, 1000px\" \/><\/figure>\n<\/div>\n\n\n<p class=\"has-text-color has-medium-font-size\" style=\"color:#000000\">Portugal Breakaways \u00e9 um completo servi\u00e7o de Gest\u00e3o de Propriedade e da Empresa de Aluguer especializada em moradias e apartamentos de aluguer no Algarve.<\/p>\n\n\n\n<p>Com anos de experi\u00eancia em Gest\u00e3o de Propriedade e aluguel, temos orgulho no profissionalismo, aten\u00e7\u00e3o aos detalhes e ao cuidado e bem-estar de sua propriedade. Em Portugal Breakaways temos orgulho em sua propriedade, e como o seu cuidador, que garante n\u00e3o s\u00f3 a sua satisfa\u00e7\u00e3o, mas a satisfa\u00e7\u00e3o de cada h\u00f3spede e visitante de sua casa de f\u00e9rias.<\/p>\n\n\n\n<p>N\u00f3s oferecemos um servi\u00e7o muito pessoal de arrendamento, com \u00eanfase na qualidade do servi\u00e7o que prestamos. Uma grande propor\u00e7\u00e3o de todas as nossas reservas s\u00e3o de clientes anteriores, uma grande propor\u00e7\u00e3o dos restantes s\u00e3o por meio de recomenda\u00e7\u00f5es e refer\u00eancias! Temos orgulho em oferecer-lhe escolhido a dedo, acomoda\u00e7\u00e3o de qualidade, a pre\u00e7os muito competitivos. A nossa equipa dedicada e especializada oferece o servi\u00e7o que voc\u00ea esperaria de uma empresa que est\u00e1 organizando as suas f\u00e9rias para si. Todas as propriedades s\u00e3o pessoalmente supervisionado por n\u00f3s e estamos \u00e0 disposi\u00e7\u00e3o no local para prestar assist\u00eancia quando necess\u00e1rio e para ajudar a tornar suas f\u00e9rias muito agrad\u00e1vel.<\/p>\n\n\n\n<p>Bem como oferecer uma op\u00e7\u00e3o de hospedagem, n\u00f3s podemos tamb\u00e9m ajudar com o aluguer de autom\u00f3veis, transporte, pacotes de boas-vindas, aluguer de equipamento, babysitting e muito mais.<\/p>\n\n\n\n<p>Ficaremos felizes em responder qualquer d\u00favida que possa ter sobre o Algarve, ou se voc\u00ea gostaria de verificar a disponibilidade de uma propriedade espec\u00edfica, entre em contato conosco por telefone ou e-mail e ficaremos felizes em ajud\u00e1-lo.<\/p>\n\n\n\n<p><\/p>\n<\/div><\/div><\/div><\/div><\/div>\n","protected":false},"excerpt":{"rendered":"<p>Portugal Breakaways \u00e9 um completo servi\u00e7o de Gest\u00e3o de Propriedade e da Empresa de Aluguer especializada em moradias e apartamentos de aluguer no Algarve.<\/p>\n","protected":false},"author":1,"featured_media":3216,"parent":0,"menu_order":0,"comment_status":"closed","ping_status":"closed","template":"template-wide-screen-page.php","meta":{"_acf_changed":false,"_monsterinsights_skip_tracking":false,"_monsterinsights_sitenote_active":false,"_monsterinsights_sitenote_note":"","_monsterinsights_sitenote_category":0,"footnotes":""},"class_list":["post-2184","page","type-page","status-publish","has-post-thumbnail","hentry"],"acf":[],"aioseo_notices":[],"_links":{"self":[{"href":"https:\/\/portugalbreakaways.com\/pt-pt\/wp-json\/wp\/v2\/pages\/2184","targetHints":{"allow":["GET"]}}],"collection":[{"href":"https:\/\/portugalbreakaways.com\/pt-pt\/wp-json\/wp\/v2\/pages"}],"about":[{"href":"https:\/\/portugalbreakaways.com\/pt-pt\/wp-json\/wp\/v2\/types\/page"}],"author":[{"embeddable":true,"href":"https:\/\/portugalbreakaways.com\/pt-pt\/wp-json\/wp\/v2\/users\/1"}],"replies":[{"embeddable":true,"href":"https:\/\/portugalbreakaways.com\/pt-pt\/wp-json\/wp\/v2\/comments?post=2184"}],"version-history":[{"count":9,"href":"https:\/\/portugalbreakaways.com\/pt-pt\/wp-json\/wp\/v2\/pages\/2184\/revisions"}],"predecessor-version":[{"id":3265,"href":"https:\/\/portugalbreakaways.com\/pt-pt\/wp-json\/wp\/v2\/pages\/2184\/revisions\/3265"}],"wp:featuredmedia":[{"embeddable":true,"href":"https:\/\/portugalbreakaways.com\/pt-pt\/wp-json\/wp\/v2\/media\/3216"}],"wp:attachment":[{"href":"https:\/\/portugalbreakaways.com\/pt-pt\/wp-json\/wp\/v2\/media?parent=2184"}],"curies":[{"name":"wp","href":"https:\/\/api.w.org\/{rel}","templated":true}]}}