{"id":2219,"date":"2024-01-26T09:29:13","date_gmt":"2024-01-26T09:29:13","guid":{"rendered":"https:\/\/portugalbreakaways.com\/?page_id=2219"},"modified":"2024-02-23T08:45:39","modified_gmt":"2024-02-23T08:45:39","slug":"testemunhos","status":"publish","type":"page","link":"https:\/\/portugalbreakaways.com\/pt-pt\/testemunhos\/","title":{"rendered":"Testemunhos"},"content":{"rendered":"\n<p><\/p>\n\n\n\n<blockquote class=\"wp-block-quote is-layout-flow wp-block-quote-is-layout-flow\">\n<p style=\"background-color:rgba(0, 0, 0, 0);color:#ff6600\" class=\"has-inline-color\">Parque da Corcovada Apartamento Complexo<\/p>\n<cite>Este apartamento foi muito al\u00e9m de nossas expectativas! \u00c9 maravilhosamente decorado com tudo que voc\u00ea precisa para uma fam\u00edlia em f\u00e9rias. A localiza\u00e7\u00e3o adequada como n\u00f3s n\u00e3o queriamos alugar um carro &#8211; aqui n\u00f3s pod\u00edamos caminhar at\u00e9 a praia e restaurantes! Brilhantes f\u00e9rias estaremos de volta! A&nbsp;<br><mark style=\"background-color:rgba(0, 0, 0, 0);color:#ff6600\" class=\"has-inline-color\">Fam\u00edlia Leigh &#8211; Irlanda <\/mark><mark style=\"background-color:rgba(0, 0, 0, 0)\" class=\"has-inline-color has-light-gray-color\">   <\/mark><br><mark style=\"background-color:rgba(0, 0, 0, 0)\" class=\"has-inline-color has-light-gray-color\">  <\/mark><br>Acabamos de voltar de umas f\u00e9rias fant\u00e1sticas no Parque do Corcovada Albufeira. A propriedade s\u00f3 pode ser descrito como impressionante! Ela era muito maior do que esper\u00e1vamos e as crian\u00e7as adoraram o fato de que n\u00f3s est\u00e1vamos t\u00e3o perto da rua dos bares &#8220;Strip&#8221; para que eles pudessem se encontrar com seus amigos \u2013 Umas ferias fabolosas ! Obrigado!   <br><mark style=\"background-color:rgba(0, 0, 0, 0);color:#ff6600\" class=\"has-inline-color\">A fam\u00edlia Jones &#8211; Luton Inglaterra<\/mark><br><\/cite><\/blockquote>\n\n\n\n<blockquote class=\"wp-block-quote is-layout-flow wp-block-quote-is-layout-flow\">\n<p style=\"background-color:rgba(0, 0, 0, 0);color:#ff6600\" class=\"has-inline-color\">Praia da Fal\u00e9sia Townhouses<\/p>\n<cite>Obrigado mais uma vez para umas f\u00e9rias fabulosas &#8211; a Casa era muito bonita e espa\u00e7osa. N\u00e3o esperara que seria assim t\u00e3o grande &#8230; era maior do que a nossa casa!. Area de Jardim realmente agrad\u00e1vel e tranquila e local fabuloso para a alimenta\u00e7\u00e3o, lojas e praia. Fui para a Albufeira para um dia que era bom, mas todos n\u00f3s concordamos que era muito ocupado e n\u00e3o podia esperar para voltar para a piscina &#8211; que t\u00ednhamos s\u00f3 para nos na maioria das vezes! \u2013<br><mark style=\"background-color:rgba(0, 0, 0, 0);color:#ff6600\" class=\"has-inline-color\">Jemma &amp; Fam\u00edlia \u2013 Inglaterra.<br><\/mark><br>Eu queria agradecer novamente por ser t\u00e3o acolhedora e prest\u00e1vel durante a nossa estadia, todos n\u00f3s t\u00edvemos um tempo fabuloso. A casa estava perto de tudo, maior do que o previsto. N\u00f3s desejamos que tinha reservado durante mais tempo. \u00c9 bastante prov\u00e1vel que ser\u00e1 reservada novamente para o pr\u00f3ximo ano em algum ponto. Estou certo de que todos os seus convidados futuros terao um prazer quanto n\u00f3s. Mais uma vez um enorme obrigado por fazer nossas ferias t\u00e3o fabulosos.<br><mark style=\"background-color:rgba(0, 0, 0, 0);color:#ff6600\" class=\"has-inline-color\">Alison Fam\u00edlia &#8211; Reino Unido.<br><\/mark><br>Chegou ao fim uma semana incr\u00edvel aqui em A\u00e7oteias, muito calma e tempo estava fabuloso. A Villa &#8211; que bela casa &#8211; tem tudo que eu precisava, muito confort\u00e1vel &#8211; simplesmente n\u00e3o tivemos tempo suficiente aqui para realmente apreci\u00e1-lo. Os restaurantes na pra\u00e7a s\u00e3o \u00f3timos e muito razo\u00e1veis. O supermercado local \u00e9 muito conveniente e tem tudo que voc\u00ea precisa. Tive umas f\u00e9rias fant\u00e1sticas aqui<br><mark style=\"background-color:rgba(0, 0, 0, 0);color:#ff6600\" class=\"has-inline-color\">Um grande obrigado da Sarah Ireland.<br><\/mark><br>Eu s\u00f3 posso dizer que as nossas f\u00e9rias neste m\u00eas de agosto foi tudo o que precis\u00e1vamos para descontrair, relaxar e desfrutar de nossas acomoda\u00e7\u00f5es. (E Casa &amp; F). Tudo que voc\u00ea precisa est\u00e1 l\u00e1, as descri\u00e7\u00f5es das casas, jardim e piscina, as amenidades locais e praia s\u00e3o exatamente como est\u00e3o descritas neste site. Portugal Breakaways n\u00e3o poderia ter feito mais para nos fazer sentir bem-vindos e confort\u00e1veis.<br><mark style=\"background-color:rgba(0, 0, 0, 0);color:#ff6600\" class=\"has-inline-color\">Mick Green &amp; UK Fam\u00edlia.<br><\/mark><\/cite><\/blockquote>\n\n\n\n<blockquote class=\"wp-block-quote is-layout-flow wp-block-quote-is-layout-flow\">\n<p style=\"background-color:rgba(0, 0, 0, 0);color:#ff6600\" class=\"has-inline-color\">Apart hotel Stella Maris<\/p>\n<cite>A nossa estadia aqui foi simplesmente brilhante, a \u00fanica coisa que poderia ter desejado era outra semana! Temos desfrutado da praia e da piscina \u00e9 muito relaxante. A pra\u00e7a local tem uma sele\u00e7\u00e3o fant\u00e1stica de restaurantes para escolher, e tudo t\u00e3o fresco, o peixe fresco, especialmente a sardinha e peixe espada. Esperamos que todos os futuros h\u00f3spedes desfrutem da sua estadia tanto quanto n\u00f3s. Obrigado por permitir ficar no seu Apto lindo!<br><mark style=\"background-color:rgba(0, 0, 0, 0);color:#ff6600\" class=\"has-inline-color\">A familia Sweeney \u2013 Dublin Irlanda<br><\/mark><\/cite><\/blockquote>\n\n\n\n<blockquote class=\"wp-block-quote is-layout-flow wp-block-quote-is-layout-flow\">\n<p><strong style=\"background-color:rgba(0, 0, 0, 0);color:#ff6600\" class=\"has-inline-color\">Apartamento Pine Sun Park Complex<\/strong><\/p>\n<cite>Todos n\u00f3s tivemos umas f\u00e9rias fant\u00e1sticas. Luz do sol todos os dias e muito quente. A praia \u00e9 linda e o mar fantastica para nadar e body board. A piscina foi \u00f3timo para relaxar ao redor tamb\u00e9m. O pequeno centro tem tudo que voc\u00ea precisa &#8211; uma abund\u00e2ncia de restaurantes e um supermercado bom. Foi muito agrad\u00e1vel para passear \u00e0 noite &#8211; As crian\u00e7as gostavam do castelo bouncy karting e. Obrigado estas foram isso foi definitivamente uma das melhores f\u00e9rias em fam\u00edlia.<br><mark style=\"background-color:rgba(0, 0, 0, 0);color:#ff6600\" class=\"has-inline-color\">A Fam\u00edlia Little \u2013 Londres, Inglaterra<br><\/mark><br>Tivemos umas f\u00e9rias maravilhosas. A casa \u00e9 t\u00e3o nova e tem tudo o que precis\u00e1vamos para nossas ferias em fam\u00edlia o que n\u00e3o acontece muito! O tempo tem sido excelente. Praia linda e limpa. Recomendo o Piri Piri Pine Cliffs restaurante para uma refei\u00e7\u00e3o fabulosa. Fomos a Vilamoura e foi lindo durante a noite. Estamos sentindo triste por sair, desejar que tivesse vindo h\u00e1 mais tempo \u2013 n\u00f3s vamos definitivamente voltar no futuro!<br><mark style=\"background-color:rgba(0, 0, 0, 0);color:#ff6600\" class=\"has-inline-color\">A familia Magee \u2013 Irlanda<br><br><\/mark><\/cite><\/blockquote>\n\n\n\n<blockquote class=\"wp-block-quote is-layout-flow wp-block-quote-is-layout-flow\">\n<p><strong style=\"background-color:rgba(0, 0, 0, 0);color:#ff6600\" class=\"has-inline-color\">O Jardim da Casa da Guia<\/strong><\/p>\n<cite><br>N\u00f3s tivemos uma semana fant\u00e1stica de ficar aqui no Guia! Apartamento foi excelente, tinha tudo o que possa precisar &#8230;.. uma verdadeira casa longe de casa! N\u00f3s fizemos exame de um t\u00e1xi at\u00e9 Albufeira como recomendado, que custa aproximadamente. 10 euros em cada sentido. Um grande dia para fora e uma praia boa e animada da noite. dia agrad\u00e1vel, mas ficamos contentes em voltar para a nossa pr\u00f3pria almofada! A praia \u00e9 impressionante e passamos alguns dias l\u00e1 e as crian\u00e7as adoraram! Cracking restaurantes! Ao todo, tivemos um excelente feriado e um tempo fabuloso aqui no apartamento. A piscina \u00e9 do tamanho certo! Esperamos voltar em breve!<br><mark style=\"background-color:rgba(0, 0, 0, 0);color:#ff6600\" class=\"has-inline-color\">A familia Barrett \u2013 Irlanda<\/mark><\/cite><\/blockquote>\n\n\n","protected":false},"excerpt":{"rendered":"<p>Parque da Corcovada Apartamento Complexo Este apartamento foi muito al\u00e9m de nossas expectativas! \u00c9 maravilhosamente decorado com tudo que voc\u00ea precisa para uma fam\u00edlia em f\u00e9rias. A localiza\u00e7\u00e3o adequada como n\u00f3s n\u00e3o queriamos alugar um carro &#8211; aqui n\u00f3s pod\u00edamos caminhar at\u00e9 a praia e restaurantes! Brilhantes f\u00e9rias estaremos de volta! A&nbsp;Fam\u00edlia Leigh &#8211; Irlanda &hellip; <a href=\"https:\/\/portugalbreakaways.com\/pt-pt\/testemunhos\/\" class=\"more-link\">Continue reading<span class=\"screen-reader-text\"> &#8220;Testemunhos&#8221;<\/span><\/a><\/p>\n","protected":false},"author":1,"featured_media":3194,"parent":0,"menu_order":0,"comment_status":"closed","ping_status":"closed","template":"template-wide-screen-page.php","meta":{"_acf_changed":false,"_monsterinsights_skip_tracking":false,"_monsterinsights_sitenote_active":false,"_monsterinsights_sitenote_note":"","_monsterinsights_sitenote_category":0,"footnotes":"[]"},"class_list":["post-2219","page","type-page","status-publish","has-post-thumbnail","hentry"],"acf":[],"aioseo_notices":[],"_links":{"self":[{"href":"https:\/\/portugalbreakaways.com\/pt-pt\/wp-json\/wp\/v2\/pages\/2219","targetHints":{"allow":["GET"]}}],"collection":[{"href":"https:\/\/portugalbreakaways.com\/pt-pt\/wp-json\/wp\/v2\/pages"}],"about":[{"href":"https:\/\/portugalbreakaways.com\/pt-pt\/wp-json\/wp\/v2\/types\/page"}],"author":[{"embeddable":true,"href":"https:\/\/portugalbreakaways.com\/pt-pt\/wp-json\/wp\/v2\/users\/1"}],"replies":[{"embeddable":true,"href":"https:\/\/portugalbreakaways.com\/pt-pt\/wp-json\/wp\/v2\/comments?post=2219"}],"version-history":[{"count":8,"href":"https:\/\/portugalbreakaways.com\/pt-pt\/wp-json\/wp\/v2\/pages\/2219\/revisions"}],"predecessor-version":[{"id":8507,"href":"https:\/\/portugalbreakaways.com\/pt-pt\/wp-json\/wp\/v2\/pages\/2219\/revisions\/8507"}],"wp:featuredmedia":[{"embeddable":true,"href":"https:\/\/portugalbreakaways.com\/pt-pt\/wp-json\/wp\/v2\/media\/3194"}],"wp:attachment":[{"href":"https:\/\/portugalbreakaways.com\/pt-pt\/wp-json\/wp\/v2\/media?parent=2219"}],"curies":[{"name":"wp","href":"https:\/\/api.w.org\/{rel}","templated":true}]}}