{"id":2228,"date":"2024-01-26T09:48:21","date_gmt":"2024-01-26T09:48:21","guid":{"rendered":"https:\/\/portugalbreakaways.com\/?page_id=2228"},"modified":"2024-02-15T11:19:40","modified_gmt":"2024-02-15T11:19:40","slug":"the-algarve","status":"publish","type":"page","link":"https:\/\/portugalbreakaways.com\/pt-pt\/the-algarve\/","title":{"rendered":"Algarve"},"content":{"rendered":"\n<div class=\"wp-block-media-text alignfull is-stacked-on-mobile is-vertically-aligned-center\"><figure class=\"wp-block-media-text__media\"><img loading=\"lazy\" decoding=\"async\" width=\"1024\" height=\"576\" src=\"https:\/\/portugalbreakaways.com\/wp-content\/uploads\/2024\/02\/algarve-1024x576.jpg\" alt=\"\" class=\"wp-image-3259 size-full\" srcset=\"https:\/\/portugalbreakaways.com\/wp-content\/uploads\/2024\/02\/algarve-1024x576.jpg 1024w, https:\/\/portugalbreakaways.com\/wp-content\/uploads\/2024\/02\/algarve-300x169.jpg 300w, https:\/\/portugalbreakaways.com\/wp-content\/uploads\/2024\/02\/algarve-768x432.jpg 768w, https:\/\/portugalbreakaways.com\/wp-content\/uploads\/2024\/02\/algarve-1099x618.jpg 1099w, https:\/\/portugalbreakaways.com\/wp-content\/uploads\/2024\/02\/algarve.jpg 1280w\" sizes=\"auto, (max-width: 1024px) 100vw, 1024px\" \/><\/figure><div class=\"wp-block-media-text__content\">\n<div class=\"wp-block-group algarve-text\" style=\"padding-top:2em;padding-right:2em;padding-bottom:2em;padding-left:2em\"><div class=\"wp-block-group__inner-container is-layout-flow wp-block-group-is-layout-flow\">\n<p style=\"font-size:36px;line-height:1.2\"><strong><strong><strong><mark style=\"background-color:rgba(0, 0, 0, 0);color:#ff6600\" class=\"has-inline-color\">O Algarve<\/mark><\/strong><\/strong><\/strong><\/p>\n\n\n\n<p>A regi\u00e3o sul de Portugal possui paisagens maravilhosamente atraentes e belas praias que s\u00e3o, sem d\u00favida entre os melhores da Europa. Desde a fronteira natural com Espanha, pelo rio Guadiana, a leste, ate as fal\u00e9sias abruptas no Cabo de S\u00e3o Vicente, no oeste, a costa sul do Algarve, \u00e9 aben\u00e7oada com praias de areia macia entremeadas por enseadas escarpadas, vibrantes, coloridas e marinas locais e sons das movimentados resorts costeiros e campos de golfe de classe mundial.<\/p>\n\n\n\n<p>Da capital do Algarve, Faro, balsas pequenas percorram todas as lagoas protegidas do Parque Natural da Ria Formosa e suas praias paradisiacas das suas ilhas. Rumo ao norte de Sagres, costa ocidental do Algarve, continua em grande parte intacta, com o Parque Natural da Costa Vicentina e dram\u00e1ticas, praias selvagens, onde as mares do Atl\u00e2ntico criaram popular hotspots surf.<\/p>\n\n\n\n<p>Envolvida em eucaliptos folheados Monchique e montanhas de baixa da Serra do Caldeir\u00e3o, a norte da cidade o mercado de Loul\u00e9 e S\u00e3o Br\u00e1s, o interior do Algarve oferece um ritmo totalmente diferente da vida, com pequenas aldeias rurais e lagos interiores, bem como o esplendor da capital dos Mouros, Silves, com o seu castelo medieval.<\/p>\n\n\n\n<p>Uma vez explorada, essa parte sonolenta do Algarve \u00e9 certamente, nunca esquecido. A nosso (Portugal Breakaways) escolha de apartamentos e vivendas no Algarve vai ajudar voc\u00ea a descobrir o qu\u00e3o especial esta encantadora regi\u00e3o do sul de Portugal realmente \u00e9.<\/p>\n<\/div><\/div>\n<\/div><\/div>\n","protected":false},"excerpt":{"rendered":"","protected":false},"author":1,"featured_media":3198,"parent":0,"menu_order":0,"comment_status":"closed","ping_status":"closed","template":"template-wide-screen-page.php","meta":{"_acf_changed":false,"_monsterinsights_skip_tracking":false,"_monsterinsights_sitenote_active":false,"_monsterinsights_sitenote_note":"","_monsterinsights_sitenote_category":0,"footnotes":""},"class_list":["post-2228","page","type-page","status-publish","has-post-thumbnail","hentry"],"acf":[],"aioseo_notices":[],"_links":{"self":[{"href":"https:\/\/portugalbreakaways.com\/pt-pt\/wp-json\/wp\/v2\/pages\/2228","targetHints":{"allow":["GET"]}}],"collection":[{"href":"https:\/\/portugalbreakaways.com\/pt-pt\/wp-json\/wp\/v2\/pages"}],"about":[{"href":"https:\/\/portugalbreakaways.com\/pt-pt\/wp-json\/wp\/v2\/types\/page"}],"author":[{"embeddable":true,"href":"https:\/\/portugalbreakaways.com\/pt-pt\/wp-json\/wp\/v2\/users\/1"}],"replies":[{"embeddable":true,"href":"https:\/\/portugalbreakaways.com\/pt-pt\/wp-json\/wp\/v2\/comments?post=2228"}],"version-history":[{"count":6,"href":"https:\/\/portugalbreakaways.com\/pt-pt\/wp-json\/wp\/v2\/pages\/2228\/revisions"}],"predecessor-version":[{"id":3460,"href":"https:\/\/portugalbreakaways.com\/pt-pt\/wp-json\/wp\/v2\/pages\/2228\/revisions\/3460"}],"wp:featuredmedia":[{"embeddable":true,"href":"https:\/\/portugalbreakaways.com\/pt-pt\/wp-json\/wp\/v2\/media\/3198"}],"wp:attachment":[{"href":"https:\/\/portugalbreakaways.com\/pt-pt\/wp-json\/wp\/v2\/media?parent=2228"}],"curies":[{"name":"wp","href":"https:\/\/api.w.org\/{rel}","templated":true}]}}