{"id":2235,"date":"2024-01-26T10:01:32","date_gmt":"2024-01-26T10:01:32","guid":{"rendered":"https:\/\/portugalbreakaways.com\/?page_id=2235"},"modified":"2024-02-14T10:32:24","modified_gmt":"2024-02-14T10:32:24","slug":"property-management-and-rental-service-for-owners","status":"publish","type":"page","link":"https:\/\/portugalbreakaways.com\/pt-pt\/property-management-and-rental-service-for-owners\/","title":{"rendered":"Gest\u00e3o imobili\u00e1ria e servi\u00e7o de aluguer para propriet\u00e1rios"},"content":{"rendered":"\n<p>N\u00f3s somos um servi\u00e7o completo e Property Management Company Aluguer especializada em aluguel de moradia e apartamento no Algarve. Com anos de experi\u00eancia em gest\u00e3o de bens e rendas, temos orgulho no profissionalismo, aten\u00e7\u00e3o ao detalhe eo cuidado e bem-estar de sua propriedade. Em Portugal Breakaways temos orgulho em sua propriedade, e como o seu cuidador, que garante n\u00e3o s\u00f3 a sua satisfa\u00e7\u00e3o, mas a satisfa\u00e7\u00e3o de cada h\u00f3spede e visitante de sua casa de f\u00e9rias.<\/p>\n\n\n\n<p>A propriedade de Algarve mercado de arrendamento est\u00e1 bem estabelecida e sua propriedade, se for correctamente gerida, pode render um retorno favor\u00e1vel. N\u00f3s podemos arranjar para alugar o seu im\u00f3vel em seu nome para longo ou curto periodo. Uma vez que n\u00f3s visitamos a propriedade vamos concordar uma taxa semanal com voc\u00ea, para organizar as fotografias a serem tomadas e escrever descri\u00e7\u00f5es do im\u00f3vel, as instala\u00e7\u00f5es locais, bem como as zonas circundantes. Para assegurar a m\u00e1xima cobertura de loca\u00e7\u00e3o que anunciar em v\u00e1rios sites de lideran\u00e7a. Se, no entanto, prefere manter sua propriedade exclusivamente para seu uso pr\u00f3prio e da fam\u00edlia, vamos garantir que ele est\u00e1 bem conservado, limpo e arejado totalmente pronto para sua chegada.<\/p>\n\n\n\n<div class=\"wp-block-media-text is-stacked-on-mobile\"><figure class=\"wp-block-media-text__media\"><img loading=\"lazy\" decoding=\"async\" width=\"1024\" height=\"576\" src=\"https:\/\/portugalbreakaways.com\/wp-content\/uploads\/2024\/02\/contract-1024x576.jpg\" alt=\"\" class=\"wp-image-3267 size-full\" srcset=\"https:\/\/portugalbreakaways.com\/wp-content\/uploads\/2024\/02\/contract-1024x576.jpg 1024w, https:\/\/portugalbreakaways.com\/wp-content\/uploads\/2024\/02\/contract-300x169.jpg 300w, https:\/\/portugalbreakaways.com\/wp-content\/uploads\/2024\/02\/contract-768x432.jpg 768w, https:\/\/portugalbreakaways.com\/wp-content\/uploads\/2024\/02\/contract-1099x618.jpg 1099w, https:\/\/portugalbreakaways.com\/wp-content\/uploads\/2024\/02\/contract.jpg 1280w\" sizes=\"auto, (max-width: 1024px) 100vw, 1024px\" \/><\/figure><div class=\"wp-block-media-text__content\">\n<h3 class=\"wp-block-heading\"><strong style=\"background-color:rgba(0, 0, 0, 0);color:#ff6600\"><a name=\"0\"><\/a>Servi\u00e7os de Gest\u00e3o de Im\u00f3veis<\/strong><\/h3>\n\n\n\n<p class=\"has-text-align-left\"><br>Este \u00e9 um servi\u00e7o para os propriet\u00e1rios que desejam cuidar de primeira classe para sua propriedade no Algarve. Voc\u00ea pode ter certeza que a sua casa e os visitantes receber\u00e3o os melhores cuidados poss\u00edveis e aten\u00e7\u00e3o aqui no Algarve. Abaixo est\u00e1 uma lista detalhada dos servi\u00e7os e dos custos que n\u00f3s podemos fornecer como seu gestor de propriedades.<\/p>\n<\/div><\/div>\n\n\n\n<div class=\"wp-block-columns is-layout-flex wp-container-core-columns-is-layout-9d6595d7 wp-block-columns-is-layout-flex\">\n<div class=\"wp-block-column is-layout-flow wp-block-column-is-layout-flow\" style=\"flex-basis:33.33%\">\n<h2 class=\"wp-block-heading has-text-align-left\"><mark style=\"background-color:rgba(0, 0, 0, 0)\" class=\"has-inline-color has-black-color\"><span style=\"text-decoration: underline;\">Our services include<\/span>:<\/mark><\/h2>\n\n\n\n<ul class=\"wp-block-list\">\n<li><a href=\"#1\" title=\"\">Aluguer de Servi\u00e7os<\/a><\/li>\n\n\n\n<li><a href=\"#2\" title=\"\">Chaves<\/a><\/li>\n\n\n\n<li><a href=\"#3\" title=\"\">Invent\u00e1rio e inspec\u00e7\u00f5es regulares<\/a><\/li>\n\n\n\n<li><a href=\"#4\" title=\"\">Manuten\u00e7\u00e3o Geral<\/a><\/li>\n\n\n\n<li><a href=\"#5\" title=\"\">Manuten\u00e7\u00e3o de Jardim e Piscina<\/a><\/li>\n\n\n\n<li><a href=\"#6\" title=\"\">Servi\u00e7o de Limpeza<\/a><\/li>\n\n\n\n<li><a href=\"#7\" title=\"\">Pagamentos de contas se acordado<\/a><\/li>\n\n\n\n<li><a href=\"#8\" title=\"\">Manuten\u00e7\u00e3o de correio se acordado<\/a><\/li>\n\n\n\n<li><a href=\"#9\" title=\"\">Chamadas e deslocacoes de emergencia<\/a><\/li>\n\n\n\n<li><a href=\"#10\" title=\"\">Licen\u00e7a de servi\u00e7os tur\u00edsticos<\/a><\/li>\n\n\n\n<li><a href=\"#11\" title=\"\">Equipamentos de Seguran\u00e7a<\/a><\/li>\n<\/ul>\n<\/div>\n\n\n\n<div class=\"wp-block-column is-layout-flow wp-block-column-is-layout-flow\" style=\"flex-basis:66.66%\">\n<p><\/p>\n\n\n\n<p class=\"has-text-align-left\"><strong><mark style=\"background-color:rgba(0, 0, 0, 0);color:#ff6600\" class=\"has-inline-color\"><a name=\"1\"><\/a>Aluguer de Servi\u00e7os<\/mark><\/strong><\/p>\n\n\n\n<ul class=\"wp-block-list\">\n<li>N\u00f3s podemos arranjar a fotografia e uma descri\u00e7\u00e3o escrita da propriedade<\/li>\n\n\n\n<li>Vamos tratar todos os pedidos do cliente, reservas e correspond\u00eancia<\/li>\n\n\n\n<li>Antes da chegada do cliente garantir que a propriedade est\u00e1 totalmente preparada para a ocupa\u00e7\u00e3o<\/li>\n\n\n\n<li>Iremos atender os clientes no prazo de 24 horas de sua chegada \u00e0 propriedade<\/li>\n\n\n\n<li>Oferecer aos clientes o nosso contato de emerg\u00eancia em caso de assist\u00eancia a ser necess\u00e1rios<\/li>\n\n\n\n<li>Ap\u00f3s a partida, vamos verificar a propriedade para qualquer danos<\/li>\n<\/ul>\n\n\n\n<p><a href=\"#0\" title=\"\">Voltar ao Topo<\/a><\/p>\n\n\n\n<p class=\"has-text-align-justify\"><strong style=\"background-color:rgba(0, 0, 0, 0);color:#ff6600\"><a name=\"2\"><\/a>Chaves<\/strong><br>\nRealizaremos quatro conjuntos completos de chaves do  im\u00f3vel, fornecida por voc\u00ea. 2 jogos de chaves, ser\u00e1 dada a chegada dos convidados.  1 jogo ser\u00e1 retido por nos em caso de emerg\u00eancia  ou perda, e um conjunto ser\u00e3o utilizados por nossa equipe para o acesso \u00e0  propriedade.<\/p>\n\n\n\n<p><a href=\"#0\" title=\"\"><a href=\"#0\" title=\"\">Voltar ao Topo<\/a><\/a><\/p>\n\n\n\n<p><strong style=\"background-color:rgba(0, 0, 0, 0);color:#ff6600\"><a name=\"3\"><\/a>Invent\u00e1rio e inspec\u00e7\u00f5es regulares<\/strong><br>Um invent\u00e1rio completo ser\u00e1 elaborado no in\u00edcio da  temporada de ver\u00e3o. Esta ser\u00e1 verificada regularmente para garantir que a  propriedade esteja devidamente equipado em todos os momentos. Durante as  inspec\u00e7\u00f5es regulares vamos:<\/p>\n\n\n\n<ul class=\"wp-block-list\">\n<li>Arejar a Propriedade<\/li>\n\n\n\n<li>Verificar a \u00e1gua, electricidade e g\u00e1s e garantir que todos os aparelhos est\u00e3o em funcionamento<\/li>\n\n\n\n<li>Verificar chuveiros e banheiros se est\u00e3o sem vazamento e tamb\u00e9m sanit\u00e1rios para mant\u00ea-los frescos<\/li>\n\n\n\n<li>Recolher correio (incluindo o envio de qualquer correio que precisar)<\/li>\n\n\n\n<li>Verificar os requisitos de manuten\u00e7\u00e3o e aconselhar em conformidade<\/li>\n<\/ul>\n\n\n\n<p class=\"has-text-align-justify\"><\/p>\n\n\n\n<p><a href=\"#0\" title=\"\">Voltar ao Topo<\/a><\/p>\n\n\n\n<p class=\"has-text-align-justify\"><strong style=\"background-color:rgba(0, 0, 0, 0);color:#ff6600\"><a name=\"4\"><\/a>Manuten\u00e7\u00e3o Geral<\/strong><br>Em caso de manuten\u00e7\u00e3o ou repara\u00e7\u00f5es que sejam  necess\u00e1rias, podemos organizar para cota\u00e7\u00f5es a ministradas por profissionais do  com\u00e9rcio estabelecido e confi\u00e1vel. Trabalho s\u00f3 ser\u00e1 realizado ap\u00f3s a sua confirma\u00e7\u00e3o e  aceita\u00e7\u00e3o da oferta, e n\u00f3s vamos acompanhar o trabalho em seu nome.<\/p>\n\n\n\n<p><a href=\"#0\" title=\"\">Voltar ao Topo<\/a><\/p>\n\n\n\n<p class=\"has-text-align-justify\"><strong style=\"background-color:rgba(0, 0, 0, 0);color:#ff6600\"><a name=\"5\"><\/a>Manuten\u00e7\u00e3o de Jardim e Piscina<\/strong><br>Trabalhamos com jardims e piscina com profissionais que visitam a  propriedade numa base regular para garantir os jardins e piscinas continuam em  excelente estado. Este servi\u00e7o \u00e9 adicional \u00e0 taxa de servi\u00e7os de gest\u00e3o.  Qualquer trabalho de manuten\u00e7\u00e3o corretivas necess\u00e1rias ser\u00e3o discutidas com  voc\u00ea antes de ser realizado.<\/p>\n\n\n\n<p><a href=\"#0\" title=\"\">Voltar ao Topo<\/a><\/p>\n\n\n\n<p class=\"has-text-align-justify\"><strong style=\"background-color:rgba(0, 0, 0, 0);color:#ff6600\"><a name=\"6\"><\/a>Servi\u00e7o de Limpeza<\/strong><br>\nN\u00f3s podemos fornecer um servi\u00e7o de limpeza completa, incluindo  lavandaria, ap\u00f3s cada reserva de aluguer ou visitar da fam\u00edlia. Recomendamos  tamb\u00e9m uma limpeza a meio da semana para reservas de mais de oito dias,  incluindo uma toalha e roupa de cama. Se voc\u00ea precisar de uma limpeza  adicional, podemos adequar o servi\u00e7o para atender \u00e0s suas necessidades. requisitos de limpeza espec\u00edficos ser\u00e3o acordados  antes do in\u00edcio da temporada e n\u00f3s pedimos que seus clientes est\u00e3o cientes do  que esperar em rela\u00e7\u00e3o \u00e0 limpeza e mudan\u00e7a da roupa. Lavandaria ser\u00e3o  recolhidos, profissionalmente lavado e retornado para a propriedade. Pedimos para um m\u00ednimo de 3 jogos de len\u00e7\u00f3is e toalhas  para cada pessoa com base em ocupa\u00e7\u00e3o m\u00e1xima. Se os seus clientes necessitam de  uma limpeza extra e uma mudan\u00e7a de roupa podera ser pr\u00e9-reservado e pago  localmente.<\/p>\n\n\n\n<p><a href=\"#0\" title=\"\">Voltar ao Topo<\/a><\/p>\n\n\n\n<p class=\"has-text-align-justify\"><strong style=\"background-color:rgba(0, 0, 0, 0);color:#ff6600\"><a name=\"7\"><\/a>Pagamentos de contas se acordado<\/strong><br>Recomendamos que voc\u00ea mandar para o pagamento por  d\u00e9bito directo de todos os servi\u00e7os p\u00fablicos. N\u00f3s  podemos ajudar com o pagamento de todas as contas n\u00e3o-regulares que podem  aparecer durante todo o ano.<\/p>\n\n\n\n<p><a href=\"#0\" title=\"\">Voltar ao Topo<\/a><\/p>\n\n\n\n<p class=\"has-text-align-justify\"><strong style=\"background-color:rgba(0, 0, 0, 0);color:#ff6600\"><a name=\"8\"><\/a>Manuten\u00e7\u00e3o de correio se acordado<\/strong><br>Vamos recolher todas as mail entregue a sua  propriedade, aberto e verificar todas as contas de servi\u00e7os p\u00fablicos (com o  acordo) para garantir que n\u00e3o haja contas pendentes ou quest\u00f5es relativas \u00e0  oferta.<\/p>\n\n\n\n<p><a href=\"#0\" title=\"\">Voltar ao Topo<\/a><\/p>\n\n\n\n<p class=\"has-text-align-justify\"><strong style=\"background-color:rgba(0, 0, 0, 0);color:#ff6600\"><a name=\"9\"><\/a>Chamadas e deslocacoes de emergencia<\/strong><br>Como parte de nosso servi\u00e7o de gest\u00e3o, seus clientes ser\u00e3o fornecidas no  momento da chegada com o nosso n\u00famero de contato de emerg\u00eancia. Quaisquer reclama\u00e7\u00f5es  ou problemas vividos pelos clientes com rela\u00e7\u00e3o \u00e0 propriedade devem ser  relatados diretamente para n\u00f3s no resort. Vamos  sempre tentar resolver qualquer problema o mais rapidamente poss\u00edvel.<\/p>\n\n\n\n<p><a href=\"#0\" title=\"\">Voltar ao Topo<\/a><\/p>\n\n\n\n<p class=\"has-text-align-justify\"><strong style=\"background-color:rgba(0, 0, 0, 0);color:#ff6600\"><a name=\"10\"><\/a>Licen\u00e7a de servi\u00e7os tur\u00edsticos<\/strong><br>Sob os regulamentos Portugu\u00eas, qualquer habita\u00e7\u00e3o  usada para fins de turismo deve ter uma licen\u00e7a de Turismo emitido pela C\u00e2mara  Municipal local. Portugu\u00eas Breakaways pode ajud\u00e1-lo na obten\u00e7\u00e3o de sua  licen\u00e7a.<\/p>\n\n\n\n<p><a href=\"#0\" title=\"\">Voltar ao Topo<\/a><\/p>\n\n\n\n<p class=\"has-text-align-justify\"><strong style=\"background-color:rgba(0, 0, 0, 0);color:#ff6600\"><a name=\"11\"><\/a>Equipamentos de Seguran\u00e7a<\/strong><br>\nDireito Portugu\u00eas exige equipamentos de seguran\u00e7a determinados para ser instalado em f\u00e9rias aluguer propriedades. Podemos organizar a disposi\u00e7\u00e3o dos equipamentos atrav\u00e9s de profissionais do com\u00e9rcio.<\/p>\n\n\n\n<p><a href=\"#0\" title=\"\">Voltar ao Topo<\/a><\/p>\n<\/div>\n<\/div>\n","protected":false},"excerpt":{"rendered":"<p>N\u00f3s somos um servi\u00e7o completo e Property Management Company Aluguer especializada em aluguel de moradia e apartamento no Algarve. Com anos de experi\u00eancia em gest\u00e3o de bens e rendas, temos orgulho no profissionalismo, aten\u00e7\u00e3o ao detalhe eo cuidado e bem-estar de sua propriedade. Em Portugal Breakaways temos orgulho em sua propriedade, e como o seu &hellip; <a href=\"https:\/\/portugalbreakaways.com\/pt-pt\/property-management-and-rental-service-for-owners\/\" class=\"more-link\">Continue reading<span class=\"screen-reader-text\"> &#8220;Gest\u00e3o imobili\u00e1ria e servi\u00e7o de aluguer para propriet\u00e1rios&#8221;<\/span><\/a><\/p>\n","protected":false},"author":1,"featured_media":3201,"parent":0,"menu_order":0,"comment_status":"closed","ping_status":"closed","template":"template-wide-screen-page.php","meta":{"_acf_changed":false,"_monsterinsights_skip_tracking":false,"_monsterinsights_sitenote_active":false,"_monsterinsights_sitenote_note":"","_monsterinsights_sitenote_category":0,"footnotes":""},"class_list":["post-2235","page","type-page","status-publish","has-post-thumbnail","hentry"],"acf":[],"aioseo_notices":[],"_links":{"self":[{"href":"https:\/\/portugalbreakaways.com\/pt-pt\/wp-json\/wp\/v2\/pages\/2235","targetHints":{"allow":["GET"]}}],"collection":[{"href":"https:\/\/portugalbreakaways.com\/pt-pt\/wp-json\/wp\/v2\/pages"}],"about":[{"href":"https:\/\/portugalbreakaways.com\/pt-pt\/wp-json\/wp\/v2\/types\/page"}],"author":[{"embeddable":true,"href":"https:\/\/portugalbreakaways.com\/pt-pt\/wp-json\/wp\/v2\/users\/1"}],"replies":[{"embeddable":true,"href":"https:\/\/portugalbreakaways.com\/pt-pt\/wp-json\/wp\/v2\/comments?post=2235"}],"version-history":[{"count":4,"href":"https:\/\/portugalbreakaways.com\/pt-pt\/wp-json\/wp\/v2\/pages\/2235\/revisions"}],"predecessor-version":[{"id":3269,"href":"https:\/\/portugalbreakaways.com\/pt-pt\/wp-json\/wp\/v2\/pages\/2235\/revisions\/3269"}],"wp:featuredmedia":[{"embeddable":true,"href":"https:\/\/portugalbreakaways.com\/pt-pt\/wp-json\/wp\/v2\/media\/3201"}],"wp:attachment":[{"href":"https:\/\/portugalbreakaways.com\/pt-pt\/wp-json\/wp\/v2\/media?parent=2235"}],"curies":[{"name":"wp","href":"https:\/\/api.w.org\/{rel}","templated":true}]}}