{"id":2242,"date":"2024-01-26T10:44:17","date_gmt":"2024-01-26T10:44:17","guid":{"rendered":"https:\/\/portugalbreakaways.com\/?page_id=2242"},"modified":"2024-05-13T06:55:30","modified_gmt":"2024-05-13T06:55:30","slug":"contact-us","status":"publish","type":"page","link":"https:\/\/portugalbreakaways.com\/pt-pt\/contact-us\/","title":{"rendered":"Contacte-nos"},"content":{"rendered":"\n<div class=\"wp-block-getwid-section alignfull alignfull getwid-section-content-custom-width\"><div class=\"wp-block-getwid-section__wrapper getwid-padding-left-medium getwid-padding-right-medium\"><div class=\"wp-block-getwid-section__inner-wrapper\" style=\"max-width:1140px\"><div class=\"wp-block-getwid-section__background-holder\"><div class=\"wp-block-getwid-section__background\"><\/div><div class=\"wp-block-getwid-section__foreground\"><\/div><\/div><div class=\"wp-block-getwid-section__content\"><div class=\"wp-block-getwid-section__inner-content\">\n<div class=\"wp-block-getwid-advanced-heading\" style=\"margin-top:0px\"><span class=\"wp-block-getwid-advanced-heading__content\" style=\"text-align:center\"><\/span><\/div>\n\n\n\n<div class=\"wp-block-getwid-advanced-heading\" style=\"margin-bottom:30px;margin-top:10px\"><h2 class=\"wp-block-getwid-advanced-heading__content\" style=\"text-align:center\"><\/h2><\/div>\n\n\n\n<div class=\"wp-block-getwid-advanced-spacer\" style=\"height:40px\" aria-hidden=\"true\"><\/div>\n\n\n\n<div class=\"wp-block-columns has-2-columns is-layout-flex wp-container-core-columns-is-layout-9d6595d7 wp-block-columns-is-layout-flex\">\n<div class=\"wp-block-column is-layout-flow wp-block-column-is-layout-flow\">\n<p>Estamos felizes em responder a qualquer d\u00favida que voc\u00ea possa ter. Se voc\u00ea estiver interessado em anunciar seu im\u00f3vel ou tiver alguma d\u00favida sobre um im\u00f3vel existente, n\u00e3o hesite em nos contatar:<\/p>\n\n\n\n<td align=\"left\" valign=\"top\"><table border=\"0\" cellspacing=\"0\" cellpadding=\"0\">\n\t\t\t\t\t\t  <tbody><tr>\n\t\t\t\t\t\t\t<td align=\"left\" valign=\"top\" class=\"body_text\" style=\"padding-right:10px;\"><strong>Morada:<\/strong><\/td>\n\t\t\t\t\t\t\t<td align=\"left\" valign=\"top\" class=\"body_text\" style=\"padding-bottom:10px;\">Edf. Santa Maria<br>\nLote 29 \u2013 Viv. D<br> \n\t\t\t\t\t\t\tA\u00e7oteias<br>\n\t\t\t\t\t\t\tAlbufeira 8200-593<br>\n\t\t\t\t\t\t\tAlgarve<br>\n\t\t\t\t\t\t\tPortugal<\/td>\n\t\t\t\t\t\t  <\/tr>\n\t\t\t\t\t\t  <tr>\n\t\t\t\t\t\t\t<td align=\"left\" valign=\"top\" class=\"body_text\" style=\"padding-right:10px;\"><strong>Telefone:<\/strong><\/td>\n\t\t\t\t\t\t\t<td align=\"left\" valign=\"top\" class=\"body_text\" style=\"padding-bottom:10px;\">+351 919 354 758 \/ +351 917 945 887<br>\n\t\t\t\t\t\t\t+351 289 502 544<\/td>\n\t\t\t\t\t\t  <\/tr>\n\t\t\t\t\t\t  <tr>\n\t\t\t\t\t\t\t<td align=\"left\" valign=\"top\" class=\"body_text\" style=\"padding-right:10px;\"><strong>Hor\u00e1rio:<\/strong><\/td>\n\t\t\t\t\t\t\t<td align=\"left\" valign=\"top\" class=\"body_text\">Segunda &#8211; Sexta 09.30 &#8211; 18:00<\/td>\n\t\t\t\t\t\t  <\/tr>\n\t\t\t\t\t\t<\/tbody><\/table><\/td>\n<\/div>\n\n\n\n<div class=\"wp-block-column is-layout-flow wp-block-column-is-layout-flow\">\n<div class=\"wpcf7 no-js\" id=\"wpcf7-f2260-o1\" lang=\"en-US\" dir=\"ltr\">\n<div class=\"screen-reader-response\"><p role=\"status\" aria-live=\"polite\" aria-atomic=\"true\"><\/p> <ul><\/ul><\/div>\n<form action=\"\/pt-pt\/wp-json\/wp\/v2\/pages\/2242#wpcf7-f2260-o1\" method=\"post\" class=\"wpcf7-form init wpcf7-acceptance-as-validation\" aria-label=\"Contact form\" novalidate=\"novalidate\" data-status=\"init\">\n<div style=\"display: none;\">\n<input type=\"hidden\" name=\"_wpcf7\" value=\"2260\" \/>\n<input type=\"hidden\" name=\"_wpcf7_version\" value=\"5.9.3\" \/>\n<input type=\"hidden\" name=\"_wpcf7_locale\" value=\"en_US\" \/>\n<input type=\"hidden\" name=\"_wpcf7_unit_tag\" value=\"wpcf7-f2260-o1\" \/>\n<input type=\"hidden\" name=\"_wpcf7_container_post\" value=\"0\" \/>\n<input type=\"hidden\" name=\"_wpcf7_posted_data_hash\" value=\"\" \/>\n<\/div>\n<div class=\"contentfrom\">\n\t<p><label> Seu Nome<br \/>\n<span class=\"wpcf7-form-control-wrap\" data-name=\"your-name\"><input size=\"40\" class=\"wpcf7-form-control wpcf7-text wpcf7-validates-as-required\" autocomplete=\"name\" aria-required=\"true\" aria-invalid=\"false\" value=\"\" type=\"text\" name=\"your-name\" \/><\/span> <\/label>\n\t<\/p>\n\t<p><label> Seu E-mail<br \/>\n<span class=\"wpcf7-form-control-wrap\" data-name=\"your-email\"><input size=\"40\" class=\"wpcf7-form-control wpcf7-email wpcf7-validates-as-required wpcf7-text wpcf7-validates-as-email\" autocomplete=\"email\" aria-required=\"true\" aria-invalid=\"false\" value=\"\" type=\"email\" name=\"your-email\" \/><\/span> <\/label>\n\t<\/p>\n\t<p><label> Telefone<br \/>\n<span class=\"wpcf7-form-control-wrap\" data-name=\"tel-251\"><input size=\"40\" class=\"wpcf7-form-control wpcf7-tel wpcf7-validates-as-required wpcf7-text wpcf7-validates-as-tel\" aria-required=\"true\" aria-invalid=\"false\" value=\"\" type=\"tel\" name=\"tel-251\" \/><\/span> <\/label>\n\t<\/p>\n\t<p><label>Sua Mensagem<br \/>\n<span class=\"wpcf7-form-control-wrap\" data-name=\"your-message\"><textarea cols=\"40\" rows=\"10\" class=\"wpcf7-form-control wpcf7-textarea\" aria-invalid=\"false\" name=\"your-message\"><\/textarea><\/span> <\/label><br \/>\n<span class=\"wpcf7-form-control-wrap\" data-name=\"your-consent\"><span class=\"wpcf7-form-control wpcf7-acceptance\"><span class=\"wpcf7-list-item\"><label><input type=\"checkbox\" name=\"your-consent\" value=\"1\" aria-invalid=\"false\" \/><span class=\"wpcf7-list-item-label\">Eu concordo em submeter as minhas informa\u00e7\u00f5es de acordo com a Politica de Privacidade do Portugal Breakaways.<\/span><\/label><\/span><\/span><\/span>\n\t<\/p>\n\t<p><input class=\"wpcf7-form-control wpcf7-submit has-spinner\" type=\"submit\" value=\"ENVIAR\" \/>\n\t<\/p>\n<\/div><div class=\"wpcf7-response-output\" aria-hidden=\"true\"><\/div>\n<\/form>\n<\/div>\n\n<\/div>\n<\/div>\n<\/div><\/div><\/div><\/div><\/div>\n","protected":false},"excerpt":{"rendered":"","protected":false},"author":1,"featured_media":0,"parent":0,"menu_order":0,"comment_status":"closed","ping_status":"closed","template":"template-wide-screen-page.php","meta":{"_acf_changed":false,"_monsterinsights_skip_tracking":false,"_monsterinsights_sitenote_active":false,"_monsterinsights_sitenote_note":"","_monsterinsights_sitenote_category":0,"footnotes":""},"class_list":["post-2242","page","type-page","status-publish","hentry"],"acf":[],"aioseo_notices":[],"_links":{"self":[{"href":"https:\/\/portugalbreakaways.com\/pt-pt\/wp-json\/wp\/v2\/pages\/2242","targetHints":{"allow":["GET"]}}],"collection":[{"href":"https:\/\/portugalbreakaways.com\/pt-pt\/wp-json\/wp\/v2\/pages"}],"about":[{"href":"https:\/\/portugalbreakaways.com\/pt-pt\/wp-json\/wp\/v2\/types\/page"}],"author":[{"embeddable":true,"href":"https:\/\/portugalbreakaways.com\/pt-pt\/wp-json\/wp\/v2\/users\/1"}],"replies":[{"embeddable":true,"href":"https:\/\/portugalbreakaways.com\/pt-pt\/wp-json\/wp\/v2\/comments?post=2242"}],"version-history":[{"count":10,"href":"https:\/\/portugalbreakaways.com\/pt-pt\/wp-json\/wp\/v2\/pages\/2242\/revisions"}],"predecessor-version":[{"id":115187,"href":"https:\/\/portugalbreakaways.com\/pt-pt\/wp-json\/wp\/v2\/pages\/2242\/revisions\/115187"}],"wp:attachment":[{"href":"https:\/\/portugalbreakaways.com\/pt-pt\/wp-json\/wp\/v2\/media?parent=2242"}],"curies":[{"name":"wp","href":"https:\/\/api.w.org\/{rel}","templated":true}]}}