{"id":2369,"date":"2024-01-30T06:30:57","date_gmt":"2024-01-30T06:30:57","guid":{"rendered":"https:\/\/portugalbreakaways.com\/?page_id=2369"},"modified":"2024-02-15T11:04:20","modified_gmt":"2024-02-15T11:04:20","slug":"service","status":"publish","type":"page","link":"https:\/\/portugalbreakaways.com\/pt-pt\/service\/","title":{"rendered":"Servi\u00e7os"},"content":{"rendered":"\n<div class=\"wp-block-getwid-section alignfull alignfull getwid-section-content-custom-width\"><div class=\"wp-block-getwid-section__wrapper getwid-padding-left-medium getwid-padding-right-medium\"><div class=\"wp-block-getwid-section__inner-wrapper\" style=\"max-width:1140px\"><div class=\"wp-block-getwid-section__background-holder\"><div class=\"wp-block-getwid-section__background\"><\/div><div class=\"wp-block-getwid-section__foreground\"><\/div><\/div><div class=\"wp-block-getwid-section__content\"><div class=\"wp-block-getwid-section__inner-content\">\n<div class=\"wp-block-columns has-2-columns are-vertically-aligned-center is-layout-flex wp-container-core-columns-is-layout-9d6595d7 wp-block-columns-is-layout-flex\">\n<div class=\"wp-block-column is-vertically-aligned-center is-layout-flow wp-block-column-is-layout-flow\">\n<figure class=\"wp-block-image size-full size-large\"><img loading=\"lazy\" decoding=\"async\" width=\"1280\" height=\"720\" src=\"https:\/\/portugalbreakaways.com\/wp-content\/uploads\/2024\/02\/equipment-hire.jpg\" alt=\"\" class=\"wp-image-3220\" srcset=\"https:\/\/portugalbreakaways.com\/wp-content\/uploads\/2024\/02\/equipment-hire.jpg 1280w, https:\/\/portugalbreakaways.com\/wp-content\/uploads\/2024\/02\/equipment-hire-300x169.jpg 300w, https:\/\/portugalbreakaways.com\/wp-content\/uploads\/2024\/02\/equipment-hire-1024x576.jpg 1024w, https:\/\/portugalbreakaways.com\/wp-content\/uploads\/2024\/02\/equipment-hire-768x432.jpg 768w, https:\/\/portugalbreakaways.com\/wp-content\/uploads\/2024\/02\/equipment-hire-1099x618.jpg 1099w\" sizes=\"auto, (max-width: 1280px) 100vw, 1280px\" \/><\/figure>\n<\/div>\n\n\n\n<div class=\"wp-block-column is-vertically-aligned-center is-layout-flow wp-block-column-is-layout-flow\">\n<div class=\"wp-block-getwid-section\"><div class=\"wp-block-getwid-section__wrapper getwid-padding-top-none getwid-padding-bottom-none getwid-padding-left-medium getwid-padding-right-none getwid-padding-mobile-left-none\"><div class=\"wp-block-getwid-section__inner-wrapper\"><div class=\"wp-block-getwid-section__background-holder\"><div class=\"wp-block-getwid-section__background\"><\/div><div class=\"wp-block-getwid-section__foreground\"><\/div><\/div><div class=\"wp-block-getwid-section__content\"><div class=\"wp-block-getwid-section__inner-content\">\n<div class=\"wp-block-getwid-advanced-heading\" style=\"margin-bottom:0px;margin-top:10px\"><h2 class=\"wp-block-getwid-advanced-heading__content\"><mark style=\"background-color:rgba(0, 0, 0, 0);color:#ff6600\" class=\"has-inline-color\">Aluguer de equipamento<\/mark><\/h2><\/div>\n\n\n\n<p>Se quiser evitar o aborrecimento de trazer o equipamento de casa, Portugal Breakaways pode fornecer uma s\u00e9rie de itens que ser\u00e3o instalados e prontos para si; na sua chegada. Pode encontrar os detalhes em baixo, e todos os itens devem ser pr\u00e9-agendados e podem ser pagos \u00e1 chegada.<\/p>\n\n\n\n<figure class=\"wp-block-table\"><table><tbody><tr><td>Ber\u00e7o (ber\u00e7o de viagem dobr\u00e1vel) e roupa<\/td><td>\u20ac 15.00 por semana<\/td><\/tr><tr><td>Cadeira de crian\u00e7a para comer\t<\/td><td>\u20ac 25.00 por semana\n<\/td><\/tr><\/tbody><\/table><\/figure>\n<\/div><\/div><\/div><\/div><\/div>\n<\/div>\n<\/div>\n<\/div><\/div><\/div><\/div><\/div>\n\n\n\n<div class=\"wp-block-getwid-section alignfull alignfull getwid-section-content-custom-width\"><div class=\"wp-block-getwid-section__wrapper getwid-padding-left-medium getwid-padding-right-medium\"><div class=\"wp-block-getwid-section__inner-wrapper\" style=\"max-width:1140px\"><div class=\"wp-block-getwid-section__background-holder\"><div class=\"wp-block-getwid-section__background\"><\/div><div class=\"wp-block-getwid-section__foreground\"><\/div><\/div><div class=\"wp-block-getwid-section__content\"><div class=\"wp-block-getwid-section__inner-content\">\n<div class=\"wp-block-getwid-section alignfull px-0 alignfull getwid-section-content-custom-width\"><div class=\"wp-block-getwid-section__wrapper getwid-padding-left-medium getwid-padding-right-medium\"><div class=\"wp-block-getwid-section__inner-wrapper\" style=\"max-width:1140px\"><div class=\"wp-block-getwid-section__background-holder\"><div class=\"wp-block-getwid-section__background\"><\/div><div class=\"wp-block-getwid-section__foreground\"><\/div><\/div><div class=\"wp-block-getwid-section__content\"><div class=\"wp-block-getwid-section__inner-content\">\n<div class=\"wp-block-columns has-2-columns are-vertically-aligned-center is-layout-flex wp-container-core-columns-is-layout-9d6595d7 wp-block-columns-is-layout-flex\">\n<div class=\"wp-block-column is-vertically-aligned-center is-layout-flow wp-block-column-is-layout-flow\">\n<div class=\"wp-block-getwid-advanced-heading\" style=\"margin-bottom:30px;margin-top:10px\"><h2 class=\"wp-block-getwid-advanced-heading__content\" style=\"background-color:rgba(0, 0, 0, 0);color:#ff6600\" class=\"has-inline-color\">Pack de Boas Vindas mercearia<\/h2><\/div>\n\n\n\n<p>Durante os meses de Ver\u00e3o (Abril a Outubro), os supermercados est\u00e3o abertos at\u00e9 tarde e geralmente encontra um supermercado perto da propriedade aberto at\u00e9 21:00 ou at\u00e9 mais tarde. Portugal Breakaways pode arranjar um Pack de itens b\u00e1sicos, nos casos de chegadas tardias, antes da sua chegada, incluindo ch\u00e1, caf\u00e9, leite, \u00e1gua, a\u00e7\u00facar, sumo e bolachas a um custo de 10,00 \u20ac. Se preferir, n\u00f3s podemos fornecer um Pack de Boas Vindas mais substancial, a um custo de 25.00 \u20ac, que incluir\u00e1:<\/p>\n\n\n\n<div class=\"wp-block-columns is-layout-flex wp-container-core-columns-is-layout-9d6595d7 wp-block-columns-is-layout-flex\">\n<div class=\"wp-block-column is-layout-flow wp-block-column-is-layout-flow\">\n<ul class=\"wp-block-list\">\n<li>P\u00e3o<\/li>\n\n\n\n<li>Compota<\/li>\n\n\n\n<li>Queijo fatiado<\/li>\n\n\n\n<li>Tomates<\/li>\n\n\n\n<li>Vinho<\/li>\n<\/ul>\n<\/div>\n\n\n\n<div class=\"wp-block-column is-layout-flow wp-block-column-is-layout-flow\">\n<ul class=\"wp-block-list\">\n<li>Manteiga ou margarina<\/li>\n\n\n\n<li>6 ovos<\/li>\n\n\n\n<li>Fiambre fatiado<\/li>\n\n\n\n<li>Sumo de fruta (1 litro)<\/li>\n\n\n\n<li>Liquido Lavar Loi\u00e7a<\/li>\n<\/ul>\n<\/div>\n<\/div>\n<\/div>\n\n\n\n<div class=\"wp-block-column is-vertically-aligned-center is-layout-flow wp-block-column-is-layout-flow\">\n<figure class=\"wp-block-image size-full is-resized size-large\"><img loading=\"lazy\" decoding=\"async\" width=\"1280\" height=\"720\" src=\"https:\/\/portugalbreakaways.com\/wp-content\/uploads\/2024\/02\/welcome-pack.jpg\" alt=\"\" class=\"wp-image-3222\" style=\"object-fit:cover;width:undefinedpx;height:undefinedpx\" srcset=\"https:\/\/portugalbreakaways.com\/wp-content\/uploads\/2024\/02\/welcome-pack.jpg 1280w, https:\/\/portugalbreakaways.com\/wp-content\/uploads\/2024\/02\/welcome-pack-300x169.jpg 300w, https:\/\/portugalbreakaways.com\/wp-content\/uploads\/2024\/02\/welcome-pack-1024x576.jpg 1024w, https:\/\/portugalbreakaways.com\/wp-content\/uploads\/2024\/02\/welcome-pack-768x432.jpg 768w, https:\/\/portugalbreakaways.com\/wp-content\/uploads\/2024\/02\/welcome-pack-1099x618.jpg 1099w\" sizes=\"auto, (max-width: 1280px) 100vw, 1280px\" \/><\/figure>\n<\/div>\n<\/div>\n<\/div><\/div><\/div><\/div><\/div>\n<\/div><\/div><\/div><\/div><\/div>\n\n\n\n<div class=\"wp-block-getwid-section alignfull alignfull getwid-margin-bottom-none getwid-section-content-custom-width\"><div class=\"wp-block-getwid-section__wrapper getwid-padding-bottom-none getwid-padding-left-medium getwid-padding-right-medium\"><div class=\"wp-block-getwid-section__inner-wrapper\" style=\"max-width:1140px\"><div class=\"wp-block-getwid-section__background-holder\"><div class=\"wp-block-getwid-section__background\"><\/div><div class=\"wp-block-getwid-section__foreground\"><\/div><\/div><div class=\"wp-block-getwid-section__content\"><div class=\"wp-block-getwid-section__inner-content\">\n<div class=\"wp-block-columns has-2-columns are-vertically-aligned-center is-layout-flex wp-container-core-columns-is-layout-9d6595d7 wp-block-columns-is-layout-flex\">\n<div class=\"wp-block-column is-vertically-aligned-center is-layout-flow wp-block-column-is-layout-flow\">\n<figure class=\"wp-block-image size-full size-large\"><img loading=\"lazy\" decoding=\"async\" width=\"1280\" height=\"720\" src=\"https:\/\/portugalbreakaways.com\/wp-content\/uploads\/2024\/02\/house-keeping.jpg\" alt=\"\" class=\"wp-image-3225\" style=\"object-fit:cover\" srcset=\"https:\/\/portugalbreakaways.com\/wp-content\/uploads\/2024\/02\/house-keeping.jpg 1280w, https:\/\/portugalbreakaways.com\/wp-content\/uploads\/2024\/02\/house-keeping-300x169.jpg 300w, https:\/\/portugalbreakaways.com\/wp-content\/uploads\/2024\/02\/house-keeping-1024x576.jpg 1024w, https:\/\/portugalbreakaways.com\/wp-content\/uploads\/2024\/02\/house-keeping-768x432.jpg 768w, https:\/\/portugalbreakaways.com\/wp-content\/uploads\/2024\/02\/house-keeping-1099x618.jpg 1099w\" sizes=\"auto, (max-width: 1280px) 100vw, 1280px\" \/><\/figure>\n<\/div>\n\n\n\n<div class=\"wp-block-column is-vertically-aligned-center is-layout-flow wp-block-column-is-layout-flow\">\n<div class=\"wp-block-getwid-section\"><div class=\"wp-block-getwid-section__wrapper getwid-padding-top-none getwid-padding-bottom-none getwid-padding-left-medium getwid-padding-right-none getwid-padding-mobile-left-none\"><div class=\"wp-block-getwid-section__inner-wrapper\"><div class=\"wp-block-getwid-section__background-holder\"><div class=\"wp-block-getwid-section__background\"><\/div><div class=\"wp-block-getwid-section__foreground\"><\/div><\/div><div class=\"wp-block-getwid-section__content\"><div class=\"wp-block-getwid-section__inner-content\">\n<div class=\"wp-block-getwid-advanced-heading\" style=\"margin-bottom:30px;margin-top:10px\"><h2 class=\"wp-block-getwid-advanced-heading__content\" style=\"background-color:rgba(0, 0, 0, 0);color:#ff6600\" class=\"has-inline-color\">Servi\u00e7os Limpeza e Lavandaria<\/h2><\/div>\n\n\n\n<p>Fornecemos um servi\u00e7o de limpeza completa, incluindo lavandaria, ap\u00f3s cada saida. Tamb\u00e9m inclui uma limpeza intermedia no caso de reservas superiores a 9 dias. Inclui uma toalha e a roupa de cama. Caso necessite de limpeza adicional e uma mudan\u00e7a de roupa esta deve ser pr\u00e9-reservada e paga \u00e1 chegada.<\/p>\n<\/div><\/div><\/div><\/div><\/div>\n<\/div>\n<\/div>\n\n\n\n<div class=\"wp-block-getwid-section alignfull px-0 alignfull getwid-margin-bottom-none getwid-section-content-custom-width\"><div class=\"wp-block-getwid-section__wrapper getwid-padding-bottom-none getwid-padding-left-medium getwid-padding-right-medium\"><div class=\"wp-block-getwid-section__inner-wrapper\" style=\"max-width:1140px\"><div class=\"wp-block-getwid-section__background-holder\"><div class=\"wp-block-getwid-section__background\"><\/div><div class=\"wp-block-getwid-section__foreground\"><\/div><\/div><div class=\"wp-block-getwid-section__content\"><div class=\"wp-block-getwid-section__inner-content\">\n<div class=\"wp-block-columns has-2-columns are-vertically-aligned-center is-layout-flex wp-container-core-columns-is-layout-9d6595d7 wp-block-columns-is-layout-flex\">\n<div class=\"wp-block-column is-vertically-aligned-center is-layout-flow wp-block-column-is-layout-flow\">\n<div class=\"wp-block-getwid-advanced-heading\" style=\"margin-bottom:30px;margin-top:10px\"><h2 class=\"wp-block-getwid-advanced-heading__content\" style=\"background-color:rgba(0, 0, 0, 0);color:#ff6600\" class=\"has-inline-color\">Arredores<\/h2><\/div>\n\n\n\n<p>Se voc\u00ea deseja explorar a regi\u00e3o em torno do seu resort, existem variadas escolhas para todos os gostos! Se pretende Parques Aquaticos, nadar com os golfinhos, ter um dia no mar, relaxar ou de pesca, ou explorar o cen\u00e1rio fant\u00e1stico do interior do Algarve de autocarro, jeep ou carrinha privada, est\u00e1 tudo l\u00e1 para si! Podemos dar-lhe o benef\u00edcio de nossa experi\u00eancia e conhecimento para aconselhar sobre as ofertas e deixar a escolha por sua conta. Podemos reservar seus dias fora e o pagamento \u00e9 feito localmente. Se voc\u00ea quer nadar com os golfinhos no Zoomarine, \u00e9 aconselh\u00e1vel reservar com alguma anteced\u00eancia.<\/p>\n<\/div>\n\n\n\n<div class=\"wp-block-column is-vertically-aligned-center is-layout-flow wp-block-column-is-layout-flow\">\n<figure class=\"wp-block-image size-full size-large\"><img loading=\"lazy\" decoding=\"async\" width=\"1280\" height=\"720\" src=\"https:\/\/portugalbreakaways.com\/wp-content\/uploads\/2024\/02\/out-and-about.jpg\" alt=\"\" class=\"wp-image-3227\" style=\"object-fit:cover\" srcset=\"https:\/\/portugalbreakaways.com\/wp-content\/uploads\/2024\/02\/out-and-about.jpg 1280w, https:\/\/portugalbreakaways.com\/wp-content\/uploads\/2024\/02\/out-and-about-300x169.jpg 300w, https:\/\/portugalbreakaways.com\/wp-content\/uploads\/2024\/02\/out-and-about-1024x576.jpg 1024w, https:\/\/portugalbreakaways.com\/wp-content\/uploads\/2024\/02\/out-and-about-768x432.jpg 768w, https:\/\/portugalbreakaways.com\/wp-content\/uploads\/2024\/02\/out-and-about-1099x618.jpg 1099w\" sizes=\"auto, (max-width: 1280px) 100vw, 1280px\" \/><\/figure>\n<\/div>\n<\/div>\n<\/div><\/div><\/div><\/div><\/div>\n<\/div><\/div><\/div><\/div><\/div>\n\n\n\n<div class=\"wp-block-getwid-section alignfull alignfull getwid-section-content-custom-width\"><div class=\"wp-block-getwid-section__wrapper getwid-padding-left-medium getwid-padding-right-medium\"><div class=\"wp-block-getwid-section__inner-wrapper\" style=\"max-width:1140px\"><div class=\"wp-block-getwid-section__background-holder\"><div class=\"wp-block-getwid-section__background\"><\/div><div class=\"wp-block-getwid-section__foreground\"><\/div><\/div><div class=\"wp-block-getwid-section__content\"><div class=\"wp-block-getwid-section__inner-content\">\n<div class=\"wp-block-columns has-2-columns are-vertically-aligned-center is-layout-flex wp-container-core-columns-is-layout-9d6595d7 wp-block-columns-is-layout-flex\">\n<div class=\"wp-block-column is-vertically-aligned-center is-layout-flow wp-block-column-is-layout-flow\">\n<figure class=\"wp-block-image size-full size-large\"><img loading=\"lazy\" decoding=\"async\" width=\"1280\" height=\"720\" src=\"https:\/\/portugalbreakaways.com\/wp-content\/uploads\/2024\/02\/golf.jpg\" alt=\"\" class=\"wp-image-3229\" srcset=\"https:\/\/portugalbreakaways.com\/wp-content\/uploads\/2024\/02\/golf.jpg 1280w, https:\/\/portugalbreakaways.com\/wp-content\/uploads\/2024\/02\/golf-300x169.jpg 300w, https:\/\/portugalbreakaways.com\/wp-content\/uploads\/2024\/02\/golf-1024x576.jpg 1024w, https:\/\/portugalbreakaways.com\/wp-content\/uploads\/2024\/02\/golf-768x432.jpg 768w, https:\/\/portugalbreakaways.com\/wp-content\/uploads\/2024\/02\/golf-1099x618.jpg 1099w\" sizes=\"auto, (max-width: 1280px) 100vw, 1280px\" \/><\/figure>\n<\/div>\n\n\n\n<div class=\"wp-block-column is-vertically-aligned-center is-layout-flow wp-block-column-is-layout-flow\">\n<div class=\"wp-block-getwid-section\"><div class=\"wp-block-getwid-section__wrapper getwid-padding-top-none getwid-padding-bottom-none getwid-padding-left-medium getwid-padding-right-none getwid-padding-mobile-left-none\"><div class=\"wp-block-getwid-section__inner-wrapper\"><div class=\"wp-block-getwid-section__background-holder\"><div class=\"wp-block-getwid-section__background\"><\/div><div class=\"wp-block-getwid-section__foreground\"><\/div><\/div><div class=\"wp-block-getwid-section__content\"><div class=\"wp-block-getwid-section__inner-content\">\n<div class=\"wp-block-getwid-advanced-heading\" style=\"margin-bottom:0px;margin-top:10px\"><h2 class=\"wp-block-getwid-advanced-heading__content\"><mark style=\"background-color:rgba(0, 0, 0, 0);color:#ff6600\" class=\"has-inline-color\">Golfe<\/mark><\/h2><\/div>\n\n\n\n<p>A regi\u00e3o sul de Portugal \u00e9 reconhecida como um dos principais destinos de golfe da Europa, com quase 40 campos de golfe desde Castro Marim, a leste, perto da fronteira com Espanha, ao Parque da Floresta, no canto sudoeste de Portugal. Em Vilamoura, Quinta do Lago e Vale do Lobo h\u00e1 campos desenvolvidos h\u00e1 muito tempo, bem como campos desenvolvidos recentemente de grande qualidade para campeonatos. Noutros lugares pode encontrar desafios mais delicados de campos de par 3 como Balaia e Vale do Milho, perto de Carvoeiro. Na Aldeia das A\u00e7oteias, onde voc\u00ea encontrar\u00e1 a maioria de nossas propriedades, a costa abra\u00e7a o campo de 9 buracos no Sheraton Pine Cliffs Country Club. Portugal Breakaways pode pr\u00e9-reservar o seu golfe com anteced\u00eancia, entre em contato connosco por email com suas prefer\u00eancias, ou podemos ajud\u00e1-lo na decis\u00e3o de usufruir destes maravilhosos fairways! E isso inclui organizar tacos, sapatos e transporte para o campo de golfe.<\/p>\n<\/div><\/div><\/div><\/div><\/div>\n<\/div>\n<\/div>\n<\/div><\/div><\/div><\/div><\/div>\n\n\n\n<div class=\"wp-block-getwid-section alignfull alignfull getwid-section-content-custom-width\"><div class=\"wp-block-getwid-section__wrapper getwid-padding-left-medium getwid-padding-right-medium\"><div class=\"wp-block-getwid-section__inner-wrapper\" style=\"max-width:1140px\"><div class=\"wp-block-getwid-section__background-holder\"><div class=\"wp-block-getwid-section__background\"><\/div><div class=\"wp-block-getwid-section__foreground\"><\/div><\/div><div class=\"wp-block-getwid-section__content\"><div class=\"wp-block-getwid-section__inner-content\">\n<div class=\"wp-block-getwid-section alignfull px-0 alignfull getwid-section-content-custom-width\"><div class=\"wp-block-getwid-section__wrapper getwid-padding-left-medium getwid-padding-right-medium\"><div class=\"wp-block-getwid-section__inner-wrapper\" style=\"max-width:1140px\"><div class=\"wp-block-getwid-section__background-holder\"><div class=\"wp-block-getwid-section__background\"><\/div><div class=\"wp-block-getwid-section__foreground\"><\/div><\/div><div class=\"wp-block-getwid-section__content\"><div class=\"wp-block-getwid-section__inner-content\">\n<div class=\"wp-block-columns has-2-columns are-vertically-aligned-center is-layout-flex wp-container-core-columns-is-layout-9d6595d7 wp-block-columns-is-layout-flex\">\n<div class=\"wp-block-column is-vertically-aligned-center is-layout-flow wp-block-column-is-layout-flow\">\n<div class=\"wp-block-getwid-advanced-heading\" style=\"margin-bottom:30px;margin-top:10px\"><h2 class=\"wp-block-getwid-advanced-heading__content\" style=\"background-color:rgba(0, 0, 0, 0);color:#ff6600\" class=\"has-inline-color\">Aluguer de carro<\/h2><\/div>\n\n\n\n<p>Aproveite ao m\u00e1ximo esta regi\u00e3o encantadora de Portugal alugando um carro para parte ou para a totalidade das suas f\u00e9rias. Com a liberdade para passear no seu pr\u00f3prio ritmo, sem pressa, vai descobrir , aldeias rurais no interior, cenas de rio calmo, as praias do leste e surf para o oeste. Sem mencionar as cidades hist\u00f3ricas, como Faro, Silves, Portim\u00e3o e Lagos. O aluguer de carros \u00e9 uma \u00f3tima op\u00e7\u00e3o se voc\u00ea procura um pouco de independ\u00eancia. Portugal Breakaways pode orient\u00e1-lo no sentido de encontrar o mais confi\u00e1vel, a pre\u00e7os competitivos, entre as v\u00e1rias da regi\u00e3o. Os pre\u00e7os podem ser mais atraentes se reservar com anteced\u00eancia. Pergunte-nos sobre promo\u00e7oes especiais nos nossos parceiros, no momento da reserva das suas f\u00e9rias.<\/p>\n<\/div>\n\n\n\n<div class=\"wp-block-column is-vertically-aligned-center is-layout-flow wp-block-column-is-layout-flow\">\n<figure class=\"wp-block-image size-full is-resized size-large\"><img loading=\"lazy\" decoding=\"async\" width=\"1280\" height=\"720\" src=\"https:\/\/portugalbreakaways.com\/wp-content\/uploads\/2024\/02\/car-rental.jpg\" alt=\"\" class=\"wp-image-3231\" style=\"object-fit:cover;width:\" srcset=\"https:\/\/portugalbreakaways.com\/wp-content\/uploads\/2024\/02\/car-rental.jpg 1280w, https:\/\/portugalbreakaways.com\/wp-content\/uploads\/2024\/02\/car-rental-300x169.jpg 300w, https:\/\/portugalbreakaways.com\/wp-content\/uploads\/2024\/02\/car-rental-1024x576.jpg 1024w, https:\/\/portugalbreakaways.com\/wp-content\/uploads\/2024\/02\/car-rental-768x432.jpg 768w, https:\/\/portugalbreakaways.com\/wp-content\/uploads\/2024\/02\/car-rental-1099x618.jpg 1099w\" sizes=\"auto, (max-width: 1280px) 100vw, 1280px\" \/><\/figure>\n<\/div>\n<\/div>\n<\/div><\/div><\/div><\/div><\/div>\n<\/div><\/div><\/div><\/div><\/div>\n\n\n\n<div class=\"wp-block-getwid-section alignfull alignfull getwid-section-content-custom-width\"><div class=\"wp-block-getwid-section__wrapper getwid-padding-left-medium getwid-padding-right-medium\"><div class=\"wp-block-getwid-section__inner-wrapper\" style=\"max-width:1140px\"><div class=\"wp-block-getwid-section__background-holder\"><div class=\"wp-block-getwid-section__background\"><\/div><div class=\"wp-block-getwid-section__foreground\"><\/div><\/div><div class=\"wp-block-getwid-section__content\"><div class=\"wp-block-getwid-section__inner-content\">\n<div class=\"wp-block-columns has-2-columns are-vertically-aligned-center is-layout-flex wp-container-core-columns-is-layout-9d6595d7 wp-block-columns-is-layout-flex\">\n<div class=\"wp-block-column is-vertically-aligned-center is-layout-flow wp-block-column-is-layout-flow\">\n<figure class=\"wp-block-image size-full size-large\"><img loading=\"lazy\" decoding=\"async\" width=\"1280\" height=\"720\" src=\"https:\/\/portugalbreakaways.com\/wp-content\/uploads\/2024\/02\/airport-transfers.jpg\" alt=\"\" class=\"wp-image-3233\" srcset=\"https:\/\/portugalbreakaways.com\/wp-content\/uploads\/2024\/02\/airport-transfers.jpg 1280w, https:\/\/portugalbreakaways.com\/wp-content\/uploads\/2024\/02\/airport-transfers-300x169.jpg 300w, https:\/\/portugalbreakaways.com\/wp-content\/uploads\/2024\/02\/airport-transfers-1024x576.jpg 1024w, https:\/\/portugalbreakaways.com\/wp-content\/uploads\/2024\/02\/airport-transfers-768x432.jpg 768w, https:\/\/portugalbreakaways.com\/wp-content\/uploads\/2024\/02\/airport-transfers-1099x618.jpg 1099w\" sizes=\"auto, (max-width: 1280px) 100vw, 1280px\" \/><\/figure>\n<\/div>\n\n\n\n<div class=\"wp-block-column is-vertically-aligned-center is-layout-flow wp-block-column-is-layout-flow\">\n<div class=\"wp-block-getwid-section\"><div class=\"wp-block-getwid-section__wrapper getwid-padding-top-none getwid-padding-bottom-none getwid-padding-left-medium getwid-padding-right-none getwid-padding-mobile-left-none\"><div class=\"wp-block-getwid-section__inner-wrapper\"><div class=\"wp-block-getwid-section__background-holder\"><div class=\"wp-block-getwid-section__background\"><\/div><div class=\"wp-block-getwid-section__foreground\"><\/div><\/div><div class=\"wp-block-getwid-section__content\"><div class=\"wp-block-getwid-section__inner-content\">\n<div class=\"wp-block-getwid-advanced-heading\" style=\"margin-bottom:0px;margin-top:10px\"><h2 class=\"wp-block-getwid-advanced-heading__content\" style=\"background-color:rgba(0, 0, 0, 0);color:#ff6600\" class=\"has-inline-color\">Transfers de Aeroporto<\/h2><\/div>\n\n\n\n<p>Para uma viagem calma e sem problemas depois de recolher a sua bagagem no aeroporto de Faro ate a da sua casa de f\u00e9rias, podemos proporcionar um motorista profissional que ir\u00e1 encontr\u00e1-lo no aeroporto e lev\u00e1-lo para o seu apartamento ou casa. Portugal Breakaways oferece transferes de ida e volta em mini autocarros privados ou t\u00e1xis, totalmente licenciados a tarifas excecionais. Os transferes de ida e volta devem ser pr\u00e9-agendados.<\/p>\n<\/div><\/div><\/div><\/div><\/div>\n<\/div>\n<\/div>\n<\/div><\/div><\/div><\/div><\/div>\n","protected":false},"excerpt":{"rendered":"","protected":false},"author":1,"featured_media":3188,"parent":0,"menu_order":0,"comment_status":"closed","ping_status":"closed","template":"template-wide-screen-page.php","meta":{"_acf_changed":false,"_monsterinsights_skip_tracking":false,"_monsterinsights_sitenote_active":false,"_monsterinsights_sitenote_note":"","_monsterinsights_sitenote_category":0,"footnotes":""},"class_list":["post-2369","page","type-page","status-publish","has-post-thumbnail","hentry"],"acf":[],"aioseo_notices":[],"_links":{"self":[{"href":"https:\/\/portugalbreakaways.com\/pt-pt\/wp-json\/wp\/v2\/pages\/2369","targetHints":{"allow":["GET"]}}],"collection":[{"href":"https:\/\/portugalbreakaways.com\/pt-pt\/wp-json\/wp\/v2\/pages"}],"about":[{"href":"https:\/\/portugalbreakaways.com\/pt-pt\/wp-json\/wp\/v2\/types\/page"}],"author":[{"embeddable":true,"href":"https:\/\/portugalbreakaways.com\/pt-pt\/wp-json\/wp\/v2\/users\/1"}],"replies":[{"embeddable":true,"href":"https:\/\/portugalbreakaways.com\/pt-pt\/wp-json\/wp\/v2\/comments?post=2369"}],"version-history":[{"count":11,"href":"https:\/\/portugalbreakaways.com\/pt-pt\/wp-json\/wp\/v2\/pages\/2369\/revisions"}],"predecessor-version":[{"id":3459,"href":"https:\/\/portugalbreakaways.com\/pt-pt\/wp-json\/wp\/v2\/pages\/2369\/revisions\/3459"}],"wp:featuredmedia":[{"embeddable":true,"href":"https:\/\/portugalbreakaways.com\/pt-pt\/wp-json\/wp\/v2\/media\/3188"}],"wp:attachment":[{"href":"https:\/\/portugalbreakaways.com\/pt-pt\/wp-json\/wp\/v2\/media?parent=2369"}],"curies":[{"name":"wp","href":"https:\/\/api.w.org\/{rel}","templated":true}]}}